{"id":8,"date":"2025-03-06T12:20:06","date_gmt":"2025-03-06T11:20:06","guid":{"rendered":"https:\/\/lagune.lambanogroupe.com\/cart\/"},"modified":"2025-04-30T16:01:52","modified_gmt":"2025-04-30T14:01:52","slug":"cart","status":"publish","type":"page","link":"https:\/\/lagune.lambanogroupe.com\/en\/cart\/","title":{"rendered":"Cart"},"content":{"rendered":"<div data-elementor-type=\"wp-page\" data-elementor-id=\"8\" class=\"elementor elementor-8\" data-elementor-post-type=\"page\">\n\t\t\t\t<div data-particle_enable=\"false\" data-particle-mobile-disabled=\"false\" class=\"elementor-element elementor-element-007de18 e-flex e-con-boxed e-con e-parent\" data-id=\"007de18\" data-element_type=\"container\" data-e-type=\"container\">\n\t\t\t\t\t<div class=\"e-con-inner\">\n\t\t\t\t<div class=\"elementor-element elementor-element-3bde60c elementor-widget elementor-widget-html\" data-id=\"3bde60c\" data-element_type=\"widget\" data-e-type=\"widget\" data-widget_type=\"html.default\">\n\t\t\t\t<div class=\"elementor-widget-container\">\n\t\t\t\t\t<script>\r\ndocument.addEventListener(\"DOMContentLoaded\", function() {\r\n    document.querySelectorAll(\"dt.variation-LambanoLagune\").forEach(dt => {\r\n        if (dt.textContent.trim() === \"Lambano Lagune:\") {\r\n            let dd = dt.nextElementSibling;\r\n            if (dd && dd.matches(\"dd.variation-LambanoLagune\") && dd.textContent.trim() === \"Qt\u00e9 :1, Prix :0 CFA\") {\r\n                dt.remove();\r\n                dd.remove();\r\n            }\r\n        }\r\n    });\r\n});\r\n<\/script>\r\n\t\t\t\t<\/div>\n\t\t\t\t<\/div>\n\t\t\t\t<div class=\"elementor-element elementor-element-9d1ec5c elementor-widget-mobile__width-inherit elementor-widget elementor-widget-eael-woo-cart\" data-id=\"9d1ec5c\" data-element_type=\"widget\" data-e-type=\"widget\" data-widget_type=\"eael-woo-cart.default\">\n\t\t\t\t<div class=\"elementor-widget-container\">\n\t\t\t\t\t\t\t\t\t<div class=\"eael-woo-cart-wrapper eael-woo-cart-empty eael-woo-default 17\">\n\t\t\t\t<div class=\"woocommerce-notices-wrapper\"><\/div><div class=\"wc-empty-cart-message\">\n\t<div class=\"cart-empty woocommerce-info\">\n\t\tVotre panier est actuellement vide.\t<\/div>\n<\/div>                <\/div>\n\t\t\t\t        <script>document.body.classList.add(\"eael-woo-cart\");<\/script>\n\t\t\t\t\t\t<\/div>\n\t\t\t\t<\/div>\n\t\t\t\t\t<\/div>\n\t\t\t\t<\/div>\n\t\t\t\t<\/div>","protected":false},"excerpt":{"rendered":"<p>Vider le panier Produit Prix R\u00e9servation Lambano Lagune Nombre d&#039;adultes: 6 adultes Enfants de plus de 5 ans: 0 enfant 84.000,00&nbsp;CFA R\u00e9servation Lambano Lagune Nombre d&#039;adultes: 1 adulte Enfants de plus de 5 ans: 0 enfant 15.000,00&nbsp;CFA R\u00e9servation Lambano Lagune Nombre d&#039;adultes: 5 adultes Enfants de plus de 5 ans: 0 enfant 71.000,00&nbsp;CFA Total 230.000,00&nbsp;CFA [&hellip;]<\/p>","protected":false},"author":1,"featured_media":0,"parent":0,"menu_order":0,"comment_status":"closed","ping_status":"closed","template":"elementor_header_footer","meta":{"_acf_changed":false,"_cloudinary_featured_overwrite":false,"footnotes":""},"class_list":["post-8","page","type-page","status-publish","hentry"],"acf":[],"yoast_head":"<!-- This site is optimized with the Yoast SEO plugin v24.6 - https:\/\/yoast.com\/wordpress\/plugins\/seo\/ -->\n<title>Cart - Lambano Lagune<\/title>\n<meta name=\"robots\" content=\"index, follow, max-snippet:-1, max-image-preview:large, max-video-preview:-1\" \/>\n<link rel=\"canonical\" href=\"https:\/\/lagune.lambanogroupe.com\/en\/cart\/\" \/>\n<meta property=\"og:locale\" content=\"en_US\" \/>\n<meta property=\"og:type\" content=\"article\" \/>\n<meta property=\"og:title\" content=\"Cart - Lambano Lagune\" \/>\n<meta property=\"og:description\" content=\"Vider le panier Produit Prix R\u00e9servation Lambano Lagune Nombre d&#039;adultes: 6 adultes Enfants de plus de 5 ans: 0 enfant 84.000,00&nbsp;CFA R\u00e9servation Lambano Lagune Nombre d&#039;adultes: 1 adulte Enfants de plus de 5 ans: 0 enfant 15.000,00&nbsp;CFA R\u00e9servation Lambano Lagune Nombre d&#039;adultes: 5 adultes Enfants de plus de 5 ans: 0 enfant 71.000,00&nbsp;CFA Total 230.000,00&nbsp;CFA [&hellip;]\" \/>\n<meta property=\"og:url\" content=\"https:\/\/lagune.lambanogroupe.com\/en\/cart\/\" \/>\n<meta property=\"og:site_name\" content=\"Lambano Lagune\" \/>\n<meta property=\"article:modified_time\" content=\"2025-04-30T14:01:52+00:00\" \/>\n<meta property=\"og:image\" content=\"https:\/\/lagune.lambanogroupe.com\/wp-content\/uploads\/2025\/03\/DSC09659-300x270.png\" \/>\n<meta name=\"twitter:card\" content=\"summary_large_image\" \/>\n<meta name=\"twitter:label1\" content=\"Est. reading time\" \/>\n\t<meta name=\"twitter:data1\" content=\"1 minute\" \/>\n<script type=\"application\/ld+json\" class=\"yoast-schema-graph\">{\"@context\":\"https:\/\/schema.org\",\"@graph\":[{\"@type\":\"WebPage\",\"@id\":\"http:\/\/lagune.lambanogroupe.com\/cart\/\",\"url\":\"http:\/\/lagune.lambanogroupe.com\/cart\/\",\"name\":\"Cart - Lambano Lagune\",\"isPartOf\":{\"@id\":\"https:\/\/lagune.lambanogroupe.com\/en\/#website\"},\"primaryImageOfPage\":{\"@id\":\"http:\/\/lagune.lambanogroupe.com\/cart\/#primaryimage\"},\"image\":{\"@id\":\"http:\/\/lagune.lambanogroupe.com\/cart\/#primaryimage\"},\"thumbnailUrl\":\"https:\/\/lagune.lambanogroupe.com\/wp-content\/uploads\/2025\/03\/DSC09659-300x270.png\",\"datePublished\":\"2025-03-06T11:20:06+00:00\",\"dateModified\":\"2025-04-30T14:01:52+00:00\",\"breadcrumb\":{\"@id\":\"http:\/\/lagune.lambanogroupe.com\/cart\/#breadcrumb\"},\"inLanguage\":\"en-US\",\"potentialAction\":[{\"@type\":\"ReadAction\",\"target\":[\"http:\/\/lagune.lambanogroupe.com\/cart\/\"]}]},{\"@type\":\"ImageObject\",\"inLanguage\":\"en-US\",\"@id\":\"http:\/\/lagune.lambanogroupe.com\/cart\/#primaryimage\",\"url\":\"https:\/\/lagune.lambanogroupe.com\/wp-content\/uploads\/2025\/03\/DSC09659-300x270.png\",\"contentUrl\":\"https:\/\/lagune.lambanogroupe.com\/wp-content\/uploads\/2025\/03\/DSC09659-300x270.png\"},{\"@type\":\"BreadcrumbList\",\"@id\":\"http:\/\/lagune.lambanogroupe.com\/cart\/#breadcrumb\",\"itemListElement\":[{\"@type\":\"ListItem\",\"position\":1,\"name\":\"Home\",\"item\":\"https:\/\/lagune.lambanogroupe.com\/en\/\"},{\"@type\":\"ListItem\",\"position\":2,\"name\":\"Cart\"}]},{\"@type\":\"WebSite\",\"@id\":\"https:\/\/lagune.lambanogroupe.com\/en\/#website\",\"url\":\"https:\/\/lagune.lambanogroupe.com\/en\/\",\"name\":\"Lambano Lagune\",\"description\":\"Sortez en famille ou escapades entre amis \u00e0 Lambano lagune,profitez de chaque saison pour vivre des exp\u00e9riences unique\",\"potentialAction\":[{\"@type\":\"SearchAction\",\"target\":{\"@type\":\"EntryPoint\",\"urlTemplate\":\"https:\/\/lagune.lambanogroupe.com\/en\/?s={search_term_string}\"},\"query-input\":{\"@type\":\"PropertyValueSpecification\",\"valueRequired\":true,\"valueName\":\"search_term_string\"}}],\"inLanguage\":\"en-US\"}]}<\/script>\n<!-- \/ Yoast SEO plugin. -->","yoast_head_json":{"title":"Cart - Lambano Lagune","robots":{"index":"index","follow":"follow","max-snippet":"max-snippet:-1","max-image-preview":"max-image-preview:large","max-video-preview":"max-video-preview:-1"},"canonical":"https:\/\/lagune.lambanogroupe.com\/en\/cart\/","og_locale":"en_US","og_type":"article","og_title":"Cart - Lambano Lagune","og_description":"Vider le panier Produit Prix R\u00e9servation Lambano Lagune Nombre d&#039;adultes: 6 adultes Enfants de plus de 5 ans: 0 enfant 84.000,00&nbsp;CFA R\u00e9servation Lambano Lagune Nombre d&#039;adultes: 1 adulte Enfants de plus de 5 ans: 0 enfant 15.000,00&nbsp;CFA R\u00e9servation Lambano Lagune Nombre d&#039;adultes: 5 adultes Enfants de plus de 5 ans: 0 enfant 71.000,00&nbsp;CFA Total 230.000,00&nbsp;CFA [&hellip;]","og_url":"https:\/\/lagune.lambanogroupe.com\/en\/cart\/","og_site_name":"Lambano Lagune","article_modified_time":"2025-04-30T14:01:52+00:00","og_image":[{"url":"https:\/\/lagune.lambanogroupe.com\/wp-content\/uploads\/2025\/03\/DSC09659-300x270.png","type":"","width":"","height":""}],"twitter_card":"summary_large_image","twitter_misc":{"Est. reading time":"1 minute"},"schema":{"@context":"https:\/\/schema.org","@graph":[{"@type":"WebPage","@id":"http:\/\/lagune.lambanogroupe.com\/cart\/","url":"http:\/\/lagune.lambanogroupe.com\/cart\/","name":"Cart - Lambano Lagune","isPartOf":{"@id":"https:\/\/lagune.lambanogroupe.com\/en\/#website"},"primaryImageOfPage":{"@id":"http:\/\/lagune.lambanogroupe.com\/cart\/#primaryimage"},"image":{"@id":"http:\/\/lagune.lambanogroupe.com\/cart\/#primaryimage"},"thumbnailUrl":"https:\/\/lagune.lambanogroupe.com\/wp-content\/uploads\/2025\/03\/DSC09659-300x270.png","datePublished":"2025-03-06T11:20:06+00:00","dateModified":"2025-04-30T14:01:52+00:00","breadcrumb":{"@id":"http:\/\/lagune.lambanogroupe.com\/cart\/#breadcrumb"},"inLanguage":"en-US","potentialAction":[{"@type":"ReadAction","target":["http:\/\/lagune.lambanogroupe.com\/cart\/"]}]},{"@type":"ImageObject","inLanguage":"en-US","@id":"http:\/\/lagune.lambanogroupe.com\/cart\/#primaryimage","url":"https:\/\/lagune.lambanogroupe.com\/wp-content\/uploads\/2025\/03\/DSC09659-300x270.png","contentUrl":"https:\/\/lagune.lambanogroupe.com\/wp-content\/uploads\/2025\/03\/DSC09659-300x270.png"},{"@type":"BreadcrumbList","@id":"http:\/\/lagune.lambanogroupe.com\/cart\/#breadcrumb","itemListElement":[{"@type":"ListItem","position":1,"name":"Home","item":"https:\/\/lagune.lambanogroupe.com\/en\/"},{"@type":"ListItem","position":2,"name":"Cart"}]},{"@type":"WebSite","@id":"https:\/\/lagune.lambanogroupe.com\/en\/#website","url":"https:\/\/lagune.lambanogroupe.com\/en\/","name":"Lambano Lagune","description":"Sortez en famille ou escapades entre amis \u00e0 Lambano lagune,profitez de chaque saison pour vivre des exp\u00e9riences unique","potentialAction":[{"@type":"SearchAction","target":{"@type":"EntryPoint","urlTemplate":"https:\/\/lagune.lambanogroupe.com\/en\/?s={search_term_string}"},"query-input":{"@type":"PropertyValueSpecification","valueRequired":true,"valueName":"search_term_string"}}],"inLanguage":"en-US"}]}},"_links":{"self":[{"href":"https:\/\/lagune.lambanogroupe.com\/en\/wp-json\/wp\/v2\/pages\/8","targetHints":{"allow":["GET"]}}],"collection":[{"href":"https:\/\/lagune.lambanogroupe.com\/en\/wp-json\/wp\/v2\/pages"}],"about":[{"href":"https:\/\/lagune.lambanogroupe.com\/en\/wp-json\/wp\/v2\/types\/page"}],"author":[{"embeddable":true,"href":"https:\/\/lagune.lambanogroupe.com\/en\/wp-json\/wp\/v2\/users\/1"}],"replies":[{"embeddable":true,"href":"https:\/\/lagune.lambanogroupe.com\/en\/wp-json\/wp\/v2\/comments?post=8"}],"version-history":[{"count":51,"href":"https:\/\/lagune.lambanogroupe.com\/en\/wp-json\/wp\/v2\/pages\/8\/revisions"}],"predecessor-version":[{"id":13044,"href":"https:\/\/lagune.lambanogroupe.com\/en\/wp-json\/wp\/v2\/pages\/8\/revisions\/13044"}],"wp:attachment":[{"href":"https:\/\/lagune.lambanogroupe.com\/en\/wp-json\/wp\/v2\/media?parent=8"}],"curies":[{"name":"wp","href":"https:\/\/api.w.org\/{rel}","templated":true}]}}